{"id":456,"date":"2024-10-15T09:39:14","date_gmt":"2024-10-15T08:39:14","guid":{"rendered":"http:\/\/wp.cs.ucl.ac.uk\/evol-genome\/?page_id=456"},"modified":"2025-01-21T16:34:22","modified_gmt":"2025-01-21T16:34:22","slug":"translations-2","status":"publish","type":"page","link":"https:\/\/wp.cs.ucl.ac.uk\/evol-genome\/translations-2\/","title":{"rendered":"Translations"},"content":{"rendered":"<p>&nbsp;<\/p>\n<h3><strong>Translations of the summaries of our most recent papers.<br \/>\n<\/strong><\/h3>\n<p><strong><span style=\"color: #333399\">In order to communicate our science best, we upload translations of our most recent papers in several languages.<\/span><\/strong><\/p>\n<p>&nbsp;<\/p>\n<p><strong><em>Local genetic adaptation to habitat in wild chimpanzees. Science 2025.<\/em><\/strong><\/p>\n<p>Ostridge H, Fontsere C, Lizano E, Soto DC, Schmidt JM, Saxena V, Alvarez-Estape M, Barratt CD, Gratton P, Bocksberger G, Lester JD, Dieguez P, \u00a0Agbor A, Angedakin S, Assumang AK, Bailey E, Barubiyo D, Bessone M, Brazzola G, Chancellor R, Cohen H, Coupland C, Danquah E, Deschner T, Dotras L, Dupain J, Ebot Egbe V, Granjon AC, Head J, Hedwig D, \u00a0Hermans V, \u00a0Hernandez-Aguilar RA, Jeffery KJ, Jones S, Junker J, Kadam P, Kaiser M, Kalan AK, Kambere M, Kienast I, Kujirakwinja D, Langergraber KE, Lapuente J, \u00a0Larson B, Laudisoit A, Lee KC, Llana M, Maretti G, Mart\u00edn R, Meier A, Morgan D, Neil E, Nicholl S, Nixon S, Normand E, Orbell C, Ormsby LJ, Orume R, Pacheco L, Preece J, Regnaut S, Robbins MM, Rundus A, Sanz C, Sciaky L, Sommer V, Stewart FA, Tagg N, T\u00e9donzong LR, van Schijndel J, Vendras E, \u00a0Wessling EG, Willie J, Wittig RM, Yuh YG, Yurkiw K, Vigilant L, Piel A, Boesch C, K\u00fchl HS, Dennis MY, Marques-Bonet T, Arandjelovic A, Andr\u00e9s AM.<br \/>\n<strong><em>Science<\/em> 2025,<\/strong>\u00a010 Jan 2025;\u00a0387(6730). doi:\u00a010.1126\/science.adn7954<\/p>\n<h5><a href=\"http:\/\/wp.cs.ucl.ac.uk\/evol-genome\/wp-content\/uploads\/sites\/45\/2025\/01\/OstridgeScience2025_PanAfAdapt_SummaryForTranslationsSWA.pdf\" target=\"_blank\" rel=\"noopener\">Marekebisho ya kijenetiki ya ndani kwa makazi ya sokwe mwitu, in Swahili (by Anne Laudisoit)<\/a><\/h5>\n<h5><a href=\"http:\/\/wp.cs.ucl.ac.uk\/evol-genome\/wp-content\/uploads\/sites\/45\/2025\/01\/OstridgeScience2025_PanAfAdapt_SummaryForTranslationsFRENCH.pdf\" target=\"_blank\" rel=\"noopener\">Adaptation g\u00e9n\u00e9tique \u00e0 l\u2019habitat local chez les chimpanz\u00e9s, in French (by Anne Laudisoit)\u00a0<\/a><\/h5>\n<h5><a href=\"http:\/\/wp.cs.ucl.ac.uk\/evol-genome\/wp-content\/uploads\/sites\/45\/2025\/01\/OstridgeScience2025_PanAfAdapt_SummaryForTranslations_SPANISH.pdf\" target=\"_blank\" rel=\"noopener\">Adaptaci\u00f3n gen\u00e9tica a los h\u00e1bitats locales en chimpanc\u00e9s, en Espa\u00f1ol (por Aida Andr\u00e9s)<\/a><\/h5>\n<h5 style=\"font-weight: 400\"><a href=\"http:\/\/wp.cs.ucl.ac.uk\/evol-genome\/wp-content\/uploads\/sites\/45\/2025\/01\/OstridgeScience2025_PanAfAdapt_SummaryForTranslations_ITA.pdf\" target=\"_blank\" rel=\"noopener\">Adattamento genetico locale all&#8217;habitat negli scimpanz\u00e9 selvaticistridge, in Italian (by Mattia Bessone)<\/a><\/h5>\n<h5><\/h5>\n<h5><img decoding=\"async\" loading=\"lazy\" class=\"wp-image-512 size-medium alignleft\" src=\"http:\/\/wp.cs.ucl.ac.uk\/evol-genome\/wp-content\/uploads\/sites\/45\/2025\/01\/Kevin_Langergraber-Jolie-15-300x200.jpg\" alt=\"\" width=\"300\" height=\"200\" srcset=\"https:\/\/wp.cs.ucl.ac.uk\/evol-genome\/wp-content\/uploads\/sites\/45\/2025\/01\/Kevin_Langergraber-Jolie-15-300x200.jpg 300w, https:\/\/wp.cs.ucl.ac.uk\/evol-genome\/wp-content\/uploads\/sites\/45\/2025\/01\/Kevin_Langergraber-Jolie-15-768x512.jpg 768w, https:\/\/wp.cs.ucl.ac.uk\/evol-genome\/wp-content\/uploads\/sites\/45\/2025\/01\/Kevin_Langergraber-Jolie-15-1024x683.jpg 1024w\" sizes=\"(max-width: 300px) 100vw, 300px\" \/><\/h5>\n<p>&nbsp;<\/p>\n<p>&nbsp;<\/p>\n<p>&nbsp;<\/p>\n<p>&nbsp;<\/p>\n<p>&nbsp;<\/p>\n<p>&nbsp;<\/p>\n<p>Credit:\u00a0Kevin Langergraber, The Ngogo Chimpanzee Project<\/p>\n<p>&nbsp;<\/p>\n<hr \/>\n<p><strong><em>Deep genetic substructure within bonobos.\u00a0<\/em><\/strong><\/p>\n<p style=\"font-weight: 400\">Sojung Han*, Cesare de Filippo*, Gen\u00eds Parra, Juan Ramon Meneu, Romain Laurent, Peter Frandsen, Christina Hvilsom, Ilan Gronau, Tomas Marques-Bonet, Martin Kuhlwilm, Aida M Andr\u00e9s<\/p>\n<p style=\"font-weight: 400\"><strong><em>Current Biology, 2024. <\/em><\/strong><em style=\"font-weight: 400\">DOI: https:\/\/doi.org\/10.1016\/j.cub.2024.09.043<\/em><\/p>\n<h5><a href=\"http:\/\/wp.cs.ucl.ac.uk\/evol-genome\/wp-content\/uploads\/sites\/45\/2024\/10\/BonobosSubstructure_Spanish.pdf\" target=\"_blank\" rel=\"noopener\">Estructura poblaciona gen\u00e9tica en bonobos, en Espa\u00f1ol (por A Andr\u00e9s)<\/a><\/h5>\n<h5><a href=\"http:\/\/wp.cs.ucl.ac.uk\/evol-genome\/wp-content\/uploads\/sites\/45\/2024\/10\/BonobosSubstructure_Catalan.pdf\" target=\"_blank\" rel=\"noopener\">Estructura poblacional gen\u00e8tica en Bonobos, en Catal\u00e0 (per A Andr\u00e9s)<\/a><\/h5>\n<div class=\"column\">\n<h5><a href=\"http:\/\/wp.cs.ucl.ac.uk\/evol-genome\/wp-content\/uploads\/sites\/45\/2024\/10\/BonobosSubstructure_DE.pdf\" target=\"_blank\" rel=\"noopener\">Tiefe genetische Strukturen in Bonobo-Populationen, auf Deutsch (by M Kuhlmilm)<\/a><\/h5>\n<\/div>\n<h5><span lang=\"KO\">\ubcf4\ub178\ubcf4\ub4e4<\/span> <span lang=\"KO\">\uc0ac\uc774\uc5d0<\/span> <span lang=\"KO\">\uc874\uc7ac\ud558\ub294<\/span> <span lang=\"KO\">\uc720\uc804\uc801<\/span> <span lang=\"KO\">\uc138\ubd80\uad6c\uc870<\/span>\u201d <span lang=\"KO\">\uc694\uc57d, <\/span><span lang=\"KO\"><a href=\"http:\/\/wp.cs.ucl.ac.uk\/evol-genome\/wp-content\/uploads\/sites\/45\/2024\/10\/BonobosSubstructureForTranslations_KOR.pdf\" target=\"_blank\" rel=\"noopener\">in Korean (by S Han)<\/a><\/span><\/h5>\n<h5><a href=\"http:\/\/wp.cs.ucl.ac.uk\/evol-genome\/wp-content\/uploads\/sites\/45\/2024\/10\/BonobosSubstructure_French.pdf\" target=\"_blank\" rel=\"noopener\">Structure g\u00e9n\u00e9tique de populations chez les bonobos, in French (by M Reuter)<\/a><\/h5>\n<div class=\"page\" title=\"Page 1\">\n<div class=\"layoutArea\">\n<div class=\"column\">\n<p><img decoding=\"async\" loading=\"lazy\" class=\"wp-image-452 alignleft\" src=\"http:\/\/wp.cs.ucl.ac.uk\/evol-genome\/wp-content\/uploads\/sites\/45\/2024\/10\/bonobo_cover_v2withcredit-291x300.png\" alt=\"\" width=\"277\" height=\"285\" srcset=\"https:\/\/wp.cs.ucl.ac.uk\/evol-genome\/wp-content\/uploads\/sites\/45\/2024\/10\/bonobo_cover_v2withcredit-291x300.png 291w, https:\/\/wp.cs.ucl.ac.uk\/evol-genome\/wp-content\/uploads\/sites\/45\/2024\/10\/bonobo_cover_v2withcredit-768x792.png 768w, https:\/\/wp.cs.ucl.ac.uk\/evol-genome\/wp-content\/uploads\/sites\/45\/2024\/10\/bonobo_cover_v2withcredit.png 878w\" sizes=\"(max-width: 277px) 100vw, 277px\" \/><\/p>\n<\/div>\n<\/div>\n<\/div>\n<p>&nbsp;<\/p>\n<h5><\/h5>\n<p>&nbsp;<\/p>\n<p>&nbsp;<\/p>\n<p>&nbsp;<\/p>\n<p>&nbsp;<\/p>\n<p>&nbsp;<\/p>\n<p>&nbsp;<\/p>\n<p>Credit: Cesare de Filippo; original\u00a0picture from Martin Surbeck, Kokolopori Bonobo Research Project<\/p>\n","protected":false},"excerpt":{"rendered":"<p>&nbsp; Translations of the summaries of our most recent papers. In order to communicate our science best, we upload translations of our most recent papers in several languages. &nbsp; Local genetic adaptation to habitat in wild chimpanzees. Science 2025. Ostridge H, Fontsere C, Lizano E, Soto DC, Schmidt JM, Saxena V, Alvarez-Estape M, Barratt CD, <a class=\"more-link\" href=\"https:\/\/wp.cs.ucl.ac.uk\/evol-genome\/translations-2\/\">Continue reading <i class=\"fa fa-chevron-right\"><\/i><\/a><\/p>\n","protected":false},"author":118,"featured_media":0,"parent":0,"menu_order":0,"comment_status":"closed","ping_status":"closed","template":"","meta":[],"_links":{"self":[{"href":"https:\/\/wp.cs.ucl.ac.uk\/evol-genome\/wp-json\/wp\/v2\/pages\/456"}],"collection":[{"href":"https:\/\/wp.cs.ucl.ac.uk\/evol-genome\/wp-json\/wp\/v2\/pages"}],"about":[{"href":"https:\/\/wp.cs.ucl.ac.uk\/evol-genome\/wp-json\/wp\/v2\/types\/page"}],"author":[{"embeddable":true,"href":"https:\/\/wp.cs.ucl.ac.uk\/evol-genome\/wp-json\/wp\/v2\/users\/118"}],"replies":[{"embeddable":true,"href":"https:\/\/wp.cs.ucl.ac.uk\/evol-genome\/wp-json\/wp\/v2\/comments?post=456"}],"version-history":[{"count":19,"href":"https:\/\/wp.cs.ucl.ac.uk\/evol-genome\/wp-json\/wp\/v2\/pages\/456\/revisions"}],"predecessor-version":[{"id":538,"href":"https:\/\/wp.cs.ucl.ac.uk\/evol-genome\/wp-json\/wp\/v2\/pages\/456\/revisions\/538"}],"wp:attachment":[{"href":"https:\/\/wp.cs.ucl.ac.uk\/evol-genome\/wp-json\/wp\/v2\/media?parent=456"}],"curies":[{"name":"wp","href":"https:\/\/api.w.org\/{rel}","templated":true}]}}