{"id":15,"date":"2014-11-04T16:16:00","date_gmt":"2014-11-04T16:16:00","guid":{"rendered":"http:\/\/wp.cs.ucl.ac.uk\/acm-digitalhealth\/?page_id=15"},"modified":"2016-03-31T16:02:02","modified_gmt":"2016-03-31T15:02:02","slug":"committee","status":"publish","type":"page","link":"https:\/\/wp.cs.ucl.ac.uk\/acm-digitalhealth-2015\/committee\/","title":{"rendered":"Committee"},"content":{"rendered":"<p style=\"color: green\"><strong>Organizers and Technical Programme Committee:<\/strong><\/p>\n<p><strong>General and Scientific Chair:<\/strong> <a title=\"Patty Kostkova\" href=\"http:\/\/wp.cs.ucl.ac.uk\/acm-digitalhealth-2015\/committee\/patty-kostkova\/\">Patty Kostkova<\/a>, UCL, London, UK<br \/>\n<strong>Programme Chair:<\/strong> <a title=\"Floriana Grasso\" href=\"http:\/\/wp.cs.ucl.ac.uk\/acm-digitalhealth-2015\/committee\/floriana-grasso\/\">Floriana Grasso<\/a>, University of Liverpool, UK<br \/>\n<strong>DH 2015 &amp; WWW 2015 Liaison Chair<\/strong>: <a title=\"Stefano Leonardi\" href=\"http:\/\/wp.cs.ucl.ac.uk\/acm-digitalhealth-2015\/committee\/stefano-leonardi\/\">Stefano Leonardi<\/a>, Sapienza University, Italy<br \/>\n<strong>Industry Chair:<\/strong> <a title=\"Daniel Hulme\" href=\"http:\/\/wp.cs.ucl.ac.uk\/acm-digitalhealth-2015\/committee\/daniel-hulme\/\">Daniel Hulme<\/a>, Satalia, UK<br \/>\n<strong>Deputy Industry Chair:<\/strong> <a title=\"Andreea Molnar\" href=\"http:\/\/wp.cs.ucl.ac.uk\/acm-digitalhealth-2015\/committee\/andreea-molnar\/\">Andreea Molnar<\/a>, University of Portsmouth, UK<br \/>\n<strong>Start-up Chair: <\/strong><a title=\"Tim Barnes\" href=\"http:\/\/wp.cs.ucl.ac.uk\/acm-digitalhealth-2015\/committee\/tim-barnes\/\">Tim Barnes<\/a>, UCL, UK<br \/>\n<strong>Web Chair and Deputy Media Chair: <\/strong><a title=\"Rosie Webster\" href=\"http:\/\/wp.cs.ucl.ac.uk\/acm-digitalhealth-2015\/committee\/rosie-webster\/\">Rosie Webster<\/a>, UCL, UK<br \/>\n<strong>Media Chair: <\/strong><a title=\"Connie St Louis\" href=\"http:\/\/wp.cs.ucl.ac.uk\/acm-digitalhealth-2015\/committee\/connie-st-louis\/\">Connie St Louis<\/a>, City University, UK<br \/>\n<strong>Poster and Demo Chair: <\/strong><a title=\"Ed de Quincey\" href=\"http:\/\/wp.cs.ucl.ac.uk\/acm-digitalhealth-2015\/committee\/ed-de-quincey\/\">Ed de Quincey<\/a>, Keele University, UK<br \/>\n<strong>Publication Chair<\/strong>: <a title=\"Yean Hoon Ong\" href=\"http:\/\/wp.cs.ucl.ac.uk\/acm-digitalhealth-2015\/committee\/yean-hoon-ong\/\">Yean Hoon Ong<\/a>, UCL, UK<\/p>\n<p style=\"color: green\"><strong>Senior TPC &amp; Track Chairs:<\/strong><\/p>\n<ul>\n<li><strong>Big data analytics and crowdsourcing for public health surveillance and emergencies<br \/>\n<\/strong><\/li>\n<\/ul>\n<p><a title=\"Philip Abdelmalik\" href=\"http:\/\/wp.cs.ucl.ac.uk\/acm-digitalhealth-2015\/committee\/philip-abdelmalik\/\">Philip Abdelmalik<\/a>, Public Health Canada, Canada<br \/>\n<a title=\"Carlos Castillo\" href=\"http:\/\/wp.cs.ucl.ac.uk\/acm-digitalhealth-2015\/committee\/carlos-castillo\/\">Carlos Castillo<\/a>, QCRI, Qatar<br \/>\n<a title=\"Luis Fernandez-Luque\" href=\"http:\/\/wp.cs.ucl.ac.uk\/acm-digitalhealth-2015\/committee\/luis-fernandez-luque\/\">Luis Fernandez-Luque<\/a>, NORUT, Norway<br \/>\n<a title=\"Vittoria Colizza\" href=\"http:\/\/wp.cs.ucl.ac.uk\/acm-digitalhealth-2015\/committee\/vittoria-colizza\/\">Vittoria Colizza<\/a>, INSERN, France<\/p>\n<ul>\n<li><strong>Web 2.0, online medical\/patient communities of practice and persuasive technology <\/strong><\/li>\n<\/ul>\n<p><a title=\"John Powell\" href=\"http:\/\/wp.cs.ucl.ac.uk\/acm-digitalhealth-2015\/committee\/john-powell\/\">John Powell<\/a>, University of Oxford, UK<br \/>\n<a title=\"Floriana Grasso\" href=\"http:\/\/wp.cs.ucl.ac.uk\/acm-digitalhealth-2015\/committee\/floriana-grasso\/\">Floriana Grasso<\/a>, University of Liverpool, UK<\/p>\n<ul>\n<li><strong>Smart Health and intelligent ubiquitous technologies for health and wellbeing<\/strong><\/li>\n<\/ul>\n<p><a title=\"Andreas Holzinger\" href=\"http:\/\/wp.cs.ucl.ac.uk\/acm-digitalhealth-2015\/committee\/andreas-holzinger\/\">Andreas Holzinger<\/a>, Medical University of Graz, Austria<br \/>\n<a title=\"Martina Ziefle\" href=\"http:\/\/wp.cs.ucl.ac.uk\/acm-digitalhealth-2015\/committee\/martina-ziefle\/\">Martina Ziefle<\/a>, RWTH Aachen, Germany<br \/>\n<a title=\"Carsten R\u00f6cker\" href=\"http:\/\/wp.cs.ucl.ac.uk\/acm-digitalhealth-2015\/committee\/carsten-rocker\/\">Carsten R\u00f6cker<\/a>, Fraunhofer IOSB-INA, Germany<\/p>\n<ul>\n<li><strong>Tracking\/wearable and mobile technology for personal, public and global health <\/strong><\/li>\n<\/ul>\n<p><a title=\"Nuria Oliver\" href=\"http:\/\/wp.cs.ucl.ac.uk\/acm-digitalhealth-2015\/committee\/nuria-oliver\/\">Nuria Oliver<\/a>, Telefonica, Spain<br \/>\n<a title=\"Matthew Bonam\" href=\"http:\/\/wp.cs.ucl.ac.uk\/acm-digitalhealth-2015\/committee\/matthew-bonam\/\">Matthew Bonam<\/a>, AstraZeneca, UK<\/p>\n<ul>\n<li><strong>Digital Prevention and Interventions<\/strong><\/li>\n<\/ul>\n<p><a title=\"Rosie Webster\" href=\"http:\/\/wp.cs.ucl.ac.uk\/acm-digitalhealth-2015\/committee\/rosie-webster\/\">Rosie Webster<\/a>, UCL, UK<br \/>\n<a title=\"Alberto Tozzi\" href=\"http:\/\/wp.cs.ucl.ac.uk\/acm-digitalhealth-2015\/committee\/alberto-tozzi\/\">Alberto Tozzi<\/a>, Bambino Gesu Hospital, Rome, Italy<br \/>\n<a title=\"David Hansen\" href=\"http:\/\/wp.cs.ucl.ac.uk\/acm-digitalhealth-2015\/committee\/david-hansen\/\">David Hansen<\/a>, CSIRO, Australia<\/p>\n<ul>\n<li><strong>Semantic Web, Knowledge Management\/Extraction, Web Science and Health<\/strong><\/li>\n<\/ul>\n<p><a title=\"Albert Burger\" href=\"http:\/\/wp.cs.ucl.ac.uk\/acm-digitalhealth-2015\/committee\/albert-burger\/\">Albert Burger<\/a>, Heriot-Watt University, UK<br \/>\n<a title=\"Claudio Eccher\" href=\"http:\/\/wp.cs.ucl.ac.uk\/acm-digitalhealth-2015\/committee\/claudio-eccher\/\">Claudio Eccher<\/a>, FBK, Italy<br \/>\n<a title=\"Elad Yom-Tov\" href=\"http:\/\/wp.cs.ucl.ac.uk\/acm-digitalhealth-2015\/committee\/elad-yom-tov\/\">Elad Yom-Tov<\/a>, Microsoft Research, Israel<\/p>\n<ul>\n<li><strong>E-learning, training and serious games for health <\/strong><\/li>\n<\/ul>\n<p><a title=\"Baltasar Fern\u00e1ndez Manj\u00f3n\" href=\"http:\/\/wp.cs.ucl.ac.uk\/acm-digitalhealth-2015\/committee\/baltasar-fernandez-manjon\/\">Baltasar Fern\u00e1ndez Manj\u00f3n<\/a>, Complutense University of Madrid, Spain<br \/>\n<a title=\"Arnold Bosman\" href=\"http:\/\/wp.cs.ucl.ac.uk\/acm-digitalhealth-2015\/committee\/arnold-bosman\/\">Arnold Bosman<\/a>, ECDC, Sweden<\/p>\n<ul>\n<li><strong>Industry and Start-Up Track<\/strong><\/li>\n<\/ul>\n<p><a title=\"Tim Barnes\" href=\"http:\/\/wp.cs.ucl.ac.uk\/acm-digitalhealth-2015\/committee\/tim-barnes\/\">Tim Barnes<\/a>, UCL, UK<br \/>\n<a title=\"Daniel Hulme\" href=\"http:\/\/wp.cs.ucl.ac.uk\/acm-digitalhealth-2015\/committee\/daniel-hulme\/\">Daniel Hulme<\/a>, Satalia, UK<\/p>\n<p style=\"color: green\"><strong>Programme Committee<\/strong><\/p>\n<p>Philip Abdelmalik, Public Health Canada, Canada<br \/>\nSaeed Abdullah, Cornell University, US<br \/>\nEyhab Al-Masri, University of Waterloo, Canada<br \/>\nNavid Amini, UCLA, US<br \/>\nElske Ammenwerth, UMIT, Austria<br \/>\nElisabeth Andre, University of Augsberg, Germany<br \/>\nNabil Alshurafa, UCLA, US<br \/>\nAndrea Apolloni, LSHTM, London<br \/>\nD K Arvind, Edinburgh University, UK<br \/>\nJulia Bailey, UCL, UK<br \/>\nL\u00e1szl\u00f3 Balk\u00e1nyi, ECDC, Sweden<br \/>\nNadia Berthouze, UCL, UK<br \/>\nTimothy Bickmore, Northeastern University, US<br \/>\nOlivier Bodenreider, NLM, US<br \/>\nMatthew Bonam, AstraZeneca, UK<br \/>\nArnold Bosman, ECDC, Stockholm, Sweden<br \/>\nJonas Brant, Tephinet, Brazil<br \/>\nPam Briggs, Northumbria University, UK<br \/>\nEllen Brox, Northern Research Institute, Norway<br \/>\nAlbert Burger, Heriot-Watt University, UK<br \/>\nNadja De Carolis, University of Bari, Italy<br \/>\nLeslie Carr, University of Southampton, UK<br \/>\nCarlos Castillo, QCRI, Qatar<br \/>\nRumi Chunara, Harvard Medical School, US<br \/>\nRobin Cohen, University of Waterloo, Canada<br \/>\nVittoria Colizza, INSERN, France<br \/>\nOlivier Corby, INRIA, France<br \/>\nUlises Cort\u00e9s, UPC, Spain<br \/>\nAaron Crandall, Washington State University, US<br \/>\nMaciej Dabrowski, DERI, Ireland<br \/>\nKaren Day, University of Auckland, NZ<br \/>\nOmid Dehzangi, University of Michigan-Dearborn, US<br \/>\nEd de Quincey, Keele University, UK<br \/>\nGayo Diallo, University of Bordeaux, France<br \/>\nJim Duggan, National University of Ireland, Galway<br \/>\nClaudio Eccher, FBK, Italy<br \/>\nDavid Farrell, Caledonian University, UK<br \/>\nSusan Ferebee, University of Phoenix, US<br \/>\nLuis Fernandez-Luque, NORUT, Norway<br \/>\nBaltasar Fern\u00e1ndez Manj\u00f3n, University of Madrid, Spain<br \/>\nAna Franco, Instituto Gulbenkian de Ci\u00eancia, Portugal<br \/>\nReva Freedman, North Illinois University, US<br \/>\nOphir Frieder, Georgetown, US<br \/>\nYaara Goldscmidt, IBM Research Lab, Haifa<br \/>\nNazli Goharian, Georgetown University, US<br \/>\nBruno Goncalves, CNRS, France<br \/>\nFloriana Grasso, University of Liverpool, UK<br \/>\nMarco Guerini, Trento RISE, Italy<br \/>\nCathal Gurrin, Dublin City University, Ireland<br \/>\nJaap Ham, Eindhoven University of Technology, The Netherlands<br \/>\nDavid Hansen, CSIRO, Australia<br \/>\nHermie Hermens, University of Twente, Netherlands<br \/>\nAndreas Holzinger, Medical University of Graz, Austria<br \/>\nHelmut Horacek, Saarland University, Germany<br \/>\nMing-Chun Huang, UCL, UK<br \/>\nDaniel Hulme, Satalia, UK<br \/>\nMuhammad Imran, QCRI, Qatar<br \/>\nJim Keller, University of Missouri, US<br \/>\nJeonggil Ko, Electronics and Telecommunications Research Institute, Korea<br \/>\nPatty Kostkova, UCL, UK<br \/>\nKp Lam, Keele University, UK<br \/>\nVasileios Lampos, UCL, UK<br \/>\nSunghoon Lee, Harvard Medical School, US<br \/>\nPeter Lucas, Radboud University, Nijmegen<br \/>\nJordi Luque, Telefonica Research, Spain<br \/>\nCecil Lynch, Accenture, US<br \/>\nJudith Masthoff, University of Aberdeen, UK<br \/>\nMark Matthews, Cornell University, US<br \/>\nSandro Meloni, University of Zaragoza, Spain<br \/>\nJochen Meyer, OFFIS, Germany<br \/>\nDeborah McGuinness, RPI, US<br \/>\nKenneth McLeod, HW University, UK<br \/>\nToni Moreno, Universidad Rovira i Virgilli, Tarragona, Spain<br \/>\nBobak Mortazavi, UCLA, US<br \/>\nAndreea Molnar, University of Portsmouth, UK<br \/>\nWendy Moncur, University of Aberdeen, UK<br \/>\nParashkev Nachev, UCL, UK<br \/>\nThomas Neligwa, Keele University, UK<br \/>\nNicola Newhouse, UCL, UK<br \/>\nNuria Oliver, Telefonica, Spain<br \/>\nRita Orji, Yale University, US<br \/>\nHans C Ossebaard, University of Twente, Netherlands<br \/>\nHelen Pain, University of Edinburgh, UK<br \/>\nFabio Paglieri, ISTC-CNR, Italy<br \/>\nAndre Panisson, ISI Foundation, Italy<br \/>\nCecile Paris, CSIRO, Australia<br \/>\nPasi Penttinen, ECDC, Stockholm, Sweden<br \/>\nDomenico Pisanelli, Institute of Cognitive Sciences and Technologies, Italy<br \/>\nIsabella Poggi, University of Rome, Italy<br \/>\nMohammad Pourhomayoun, UCL, US<br \/>\nJohn Powell, University of Oxford, UK<br \/>\nRob Procter, University of Warwick, UK<br \/>\nSebastien Riedel, UCL, UK<br \/>\nCarsten R\u00f6cker, RWTH Aachen, Germany<br \/>\nNirmalya Roy,  University of Maryland Baltimore County, US<br \/>\nSara Rubinelli, University of Lucerne, Switzerland<br \/>\nPatrick Saint Dizier, IRIT-CNRS<br \/>\nMarcel Salath\u00e9, Penn State, USA<br \/>\nCarlos Sanchez<br \/>\nMelina Santos, Ministry of Health, Brazil<br \/>\nMaureen Schmitter-Edgecombe, Washington State University, US<br \/>\nHeiko Schuldt, <span class=\"st\">University of Basel<\/span>, Switzerland<br \/>\nSteven Simske, Hewlett Packard, US<br \/>\nAneesha Singh, UCL, UK<br \/>\nJacopo Staiano, Telefonica Research, Spain<br \/>\nKatarzyna Stawarz, UCL, UK<br \/>\nCharlotte Tang, University of Michigan-Flint, US<br \/>\nAdel Taweel, KCL, UK<br \/>\nMatthew Taylor, Washington State University, US<br \/>\nPaul Taylor, UCL, UK<br \/>\nMichelle Tizzoni, ISI Foundation, Italy<br \/>\n<a href=\"http:\/\/wp.cs.ucl.ac.uk\/acm-digitalhealth-2015\/committee\/javier-torrente\/\" target=\"_blank\">Javier Torrente<\/a>, UCL, UK<br \/>\nAlberto Tozzi, Bambino Gesu Hospital, Rome, Italy<br \/>\nErik Van der Goot, JRC, Italy<br \/>\nIelka Van Der Sluis, Trinity College Dublin<br \/>\nKrishna Venkatasubramanian, Worcester Polytechnic Institute, US<br \/>\nJan Vejvalka, Charles University, Czech Republic<br \/>\nMichael Weber, Ulm University, Germany<br \/>\nRosie Webster, UCL, UK<br \/>\nKaren Wilson, Wilsonhealth360, UK<br \/>\nMarcel Winandy, Huawei, Germany<br \/>\nElad Yom-Tov, Microsoft, US<br \/>\nYeliz Yesilada, University of Cyprus, Cyprus<br \/>\nMartina Ziefle, RWTH Aachen, Germany<\/p>\n","protected":false},"excerpt":{"rendered":"<p>Organizers and Technical Programme Committee: General and Scientific Chair: Patty Kostkova, UCL, London, UK Programme Chair: Floriana Grasso, University of Liverpool, UK DH 2015 &amp; WWW 2015 Liaison Chair: Stefano Leonardi, Sapienza University, Italy Industry Chair: Daniel Hulme, Satalia, UK &hellip; <a href=\"https:\/\/wp.cs.ucl.ac.uk\/acm-digitalhealth-2015\/committee\/\">Continue reading <span class=\"meta-nav\">&rarr;<\/span><\/a><\/p>\n","protected":false},"author":1,"featured_media":0,"parent":0,"menu_order":0,"comment_status":"open","ping_status":"open","template":"","meta":[],"_links":{"self":[{"href":"https:\/\/wp.cs.ucl.ac.uk\/acm-digitalhealth-2015\/wp-json\/wp\/v2\/pages\/15"}],"collection":[{"href":"https:\/\/wp.cs.ucl.ac.uk\/acm-digitalhealth-2015\/wp-json\/wp\/v2\/pages"}],"about":[{"href":"https:\/\/wp.cs.ucl.ac.uk\/acm-digitalhealth-2015\/wp-json\/wp\/v2\/types\/page"}],"author":[{"embeddable":true,"href":"https:\/\/wp.cs.ucl.ac.uk\/acm-digitalhealth-2015\/wp-json\/wp\/v2\/users\/1"}],"replies":[{"embeddable":true,"href":"https:\/\/wp.cs.ucl.ac.uk\/acm-digitalhealth-2015\/wp-json\/wp\/v2\/comments?post=15"}],"version-history":[{"count":0,"href":"https:\/\/wp.cs.ucl.ac.uk\/acm-digitalhealth-2015\/wp-json\/wp\/v2\/pages\/15\/revisions"}],"wp:attachment":[{"href":"https:\/\/wp.cs.ucl.ac.uk\/acm-digitalhealth-2015\/wp-json\/wp\/v2\/media?parent=15"}],"curies":[{"name":"wp","href":"https:\/\/api.w.org\/{rel}","templated":true}]}}